{"id":32159,"date":"2025-05-03T21:48:22","date_gmt":"2025-05-03T21:48:22","guid":{"rendered":"https:\/\/ubayisi.com.tr\/katisiistasyonu\/index.php\/honeywell-kalorimetre\/"},"modified":"2025-05-03T23:04:43","modified_gmt":"2025-05-03T23:04:43","slug":"honeywell-kalorimetre","status":"publish","type":"page","link":"https:\/\/ubayisi.com.tr\/katisiistasyonu\/honeywell-kalorimetre\/","title":{"rendered":"Honeywell Kalorimetre"},"content":{"rendered":"<p>\u00a0<\/p>\n<div id=\"attachment_28253\" style=\"width: 235px\" class=\"wp-caption alignleft\"><img loading=\"lazy\" decoding=\"async\" aria-describedby=\"caption-attachment-28253\" src=\"https:\/\/ubayisi.com.tr\/katisiistasyonu\/wp-content\/uploads\/2025\/05\/0001594.webp\" alt=\"Honeywell Kalorimetre | Is\u0131 sistemleri | UBAY ISI\" width=\"225\" height=\"225\" \/><p id=\"caption-attachment-28253\" class=\"wp-caption-text\">Honeywell Kalorimetre<\/p><\/div>\n<p>\u00a0<\/p>\n<h2><strong>Honeywell Kalorimetre<\/strong><\/h2>\n<p><strong>Honeywell Kalorimetre<\/strong> Ubay \u0131s\u0131 \u00fcr\u00fcn \u00e7e\u015fitlerimiz aras\u0131nda yer almaktad\u0131r. Is\u0131 sistemlerinde <strong>Honeywell Kalorimetre<\/strong> en \u00e7ok tercih edilen \u00fcr\u00fcnlerden biri olarak yer almaktad\u0131r. Sizlerin de yedek par\u00e7a ihtiya\u00e7\u0131 i\u00e7in bize ula\u015fabilirsiniz. <strong>Honeywell Kalorimetre<\/strong> \u00fcr\u00fcn kaliteli ve garantili olarak size iletilmektedir. Ayr\u0131ca montaj gerektiren \u00fcr\u00fcnlerde montaj deste\u011fi de firmam\u0131z taraf\u0131ndan profesyonel ekimiz taraf\u0131ndan montaj, bak\u0131m i\u015flemleri yap\u0131lmaktad\u0131r.<\/p>\n<p><strong>Ubay Is\u0131 Sistemleri: Konfor ve Verimlili\u011fi Art\u0131ran \u00c7\u00f6z\u00fcmler<\/strong><\/p>\n<p><b>Ubay Is\u0131<\/b>, \u0131s\u0131tma ve so\u011futma sistemleri alan\u0131nda sekt\u00f6rdeki tecr\u00fcbesiyle mekanlar\u0131n\u0131z\u0131n konforunu art\u0131rmay\u0131 ama\u00e7layan bir markad\u0131r. Is\u0131 sistemlerinin verimli, g\u00fcvenli ve estetik a\u00e7\u0131dan uyumlu olmas\u0131, sadece ya\u015fam alan\u0131n\u0131z\u0131n rahatl\u0131\u011f\u0131n\u0131 de\u011fil, enerji tasarrufunuzu da etkiler. Ubay Is\u0131, <strong>yetkili servis<\/strong> ve <strong>yetkili bayii<\/strong> a\u011flar\u0131yla kaliteli hizmeti her zaman yan\u0131n\u0131zda sunar. Is\u0131 sistemlerinin verimlili\u011fi, kullan\u0131lan bile\u015fenlere ve cihazlar\u0131n do\u011fru \u00e7al\u0131\u015fmas\u0131na ba\u011fl\u0131d\u0131r. Bu y\u00fczden <strong>yedek par\u00e7a<\/strong> temini ve teknik destek hizmetleri de olduk\u00e7a \u00f6nemlidir.<\/p>\n<p><strong>Is\u0131 Sistemleri ve Ubay Is\u0131 \u00c7\u00f6z\u00fcmleri<\/strong><\/p>\n<p>Is\u0131 sistemleri, mekan\u0131n\u0131za uygun \u00e7\u00f6z\u00fcmler sunmak i\u00e7in farkl\u0131 teknolojiler ve tasar\u0131mlar ile \u00e7e\u015fitlenmi\u015ftir. Kombi ve <strong>petek termostat<\/strong> \u00e7\u00f6z\u00fcmleri, mekan\u0131n\u0131z\u0131n \u0131s\u0131s\u0131n\u0131 en verimli \u015fekilde kontrol etmenizi sa\u011flar. <strong>Kombi termostat<\/strong> sayesinde s\u0131cakl\u0131k ayarlar\u0131 daha hassas yap\u0131labilir, b\u00f6ylece enerji tasarrufu sa\u011flan\u0131r. <strong>Kalorimetre<\/strong> ve <strong>su sayac\u0131<\/strong> gibi cihazlar da enerji t\u00fcketiminizi izleyerek sistemin verimli \u00e7al\u0131\u015fmas\u0131na yard\u0131mc\u0131 olur.<\/p>\n<p>Ubay Is\u0131, her ihtimale uygun farkl\u0131 \u0131s\u0131tma sistemleri sunmaktad\u0131r. <strong>Kombi sistemleri<\/strong>, <strong>yo\u011fu\u015fmal\u0131 kombiler<\/strong>, <strong>yerden \u0131s\u0131tma sistemleri<\/strong> ve <strong>panel radyat\u00f6rler<\/strong> gibi \u00fcr\u00fcnler, \u0131s\u0131tma ihtiya\u00e7lar\u0131n\u0131z\u0131 kar\u015f\u0131lamak i\u00e7in tasarlanm\u0131\u015ft\u0131r. Ayr\u0131ca, <strong>\u0131s\u0131 istasyonu<\/strong> \u00e7\u00f6z\u00fcmleri, b\u00fcy\u00fck yap\u0131lar i\u00e7in ideal olup, merkezi \u0131s\u0131tma sistemlerinin verimli bir \u015fekilde \u00e7al\u0131\u015fmas\u0131n\u0131 sa\u011flar.<\/p>\n<p><strong>Is\u0131 Sistemlerinde G\u00fcvenlik ve Verimlilik<\/strong><\/p>\n<p>Is\u0131 sistemlerinin g\u00fcvenli ve verimli \u00e7al\u0131\u015fmas\u0131, do\u011fru donan\u0131m ve bak\u0131m ile m\u00fcmk\u00fcnd\u00fcr. Ubay Is\u0131, <strong>yetkili servis<\/strong> a\u011f\u0131 ile d\u00fczenli bak\u0131m ve onar\u0131m hizmeti sunarak, sisteminizin uzun s\u00fcre sorunsuz \u00e7al\u0131\u015fmas\u0131n\u0131 garanti eder. <strong>Yetkili bayii<\/strong> ve <strong>yedek par\u00e7a<\/strong> deste\u011fi sayesinde, her t\u00fcrl\u00fc sistem ar\u0131zas\u0131na h\u0131zl\u0131ca m\u00fcdahale edilir ve orijinal yedek par\u00e7alar kullan\u0131larak g\u00fcvenli bir \u00e7al\u0131\u015fma sa\u011flan\u0131r.<\/p>\n<p><strong>Ak\u0131ll\u0131 Kontrol ve Enerji Verimlili\u011fi<\/strong><\/p>\n<p>Ubay Is\u0131\u2019n\u0131n sundu\u011fu <strong>ak\u0131ll\u0131 \u0131s\u0131tma \u00e7\u00f6z\u00fcmleri<\/strong>, \u0131s\u0131tma ve so\u011futma sistemlerini daha verimli bir \u015fekilde y\u00f6netmenize olanak tan\u0131r. <strong>Petek termostat<\/strong> ve <strong>kombi termostat<\/strong> cihazlar\u0131 ile evinizi her zaman konforlu bir s\u0131cakl\u0131kta tutabilirsiniz. Ayr\u0131ca, <strong>kalorimetre<\/strong> ve <strong>su sayac\u0131<\/strong> gibi cihazlarla \u0131s\u0131tma ve su kullan\u0131m\u0131n\u0131 takip ederek, enerji verimlili\u011finizi art\u0131rabilirsiniz. Is\u0131 sistemleri, her t\u00fcrl\u00fc ihtiyaca g\u00f6re tasarlanm\u0131\u015f olup, evinizdeki konforu ve enerji verimlili\u011fini en \u00fcst d\u00fczeye \u00e7\u0131kar\u0131r.<\/p>\n<p><strong>Sonu\u00e7 olarak<\/strong>, <b>Ubay Is\u0131<\/b>, kaliteli \u0131s\u0131tma ve so\u011futma sistemleri sunarak mekanlar\u0131n\u0131z\u0131n konforunu ve verimlili\u011fini art\u0131rman\u0131z\u0131 sa\u011flar. <strong>Yetkili servis<\/strong>, <strong>yetkili bayii<\/strong>, <strong>yedek par\u00e7a<\/strong> temini ve <strong>teknik destek<\/strong> hizmetleri ile her zaman yan\u0131n\u0131zdad\u0131r. \u0130htiyac\u0131n\u0131za uygun en verimli \u00e7\u00f6z\u00fcm i\u00e7in Ubay Is\u0131&#8217;n\u0131n geni\u015f \u00fcr\u00fcn yelpazesi ve profesyonel hizmet a\u011f\u0131ndan yararlanabilirsiniz. Detayl\u0131 bilgi almak ve \u00fcr\u00fcnleri incelemek i\u00e7in Ubay Is\u0131\u2019n\u0131n m\u00fc\u015fteri hizmetleriyle ileti\u015fime ge\u00e7ebilirsiniz.<\/p>\n<p><strong><a style=\"color: #000000;\" href=\"tel:05364898885\">Telefon<\/a>\u00a0 \u00a0 \u00a0<a style=\"color: #000000;\" href=\"https:\/\/api.whatsapp.com\/send?phone=05364898885\">Whatsapp<\/a><\/strong>\u00a0 \u00a0\u00a0 <strong><a style=\"color: #000000;\" href=\"https:\/\/ubayisi.com.tr\/iletisim\/\">\u0130leti\u015fim<\/a><\/strong><\/p>\n","protected":false},"excerpt":{"rendered":"<p>\u00a0 \u00a0 Honeywell Kalorimetre Honeywell Kalorimetre Ubay \u0131s\u0131 \u00fcr\u00fcn \u00e7e\u015fitlerimiz aras\u0131nda yer almaktad\u0131r. Is\u0131 sistemlerinde Honeywell Kalorimetre en \u00e7ok tercih<\/p>\n","protected":false},"author":1,"featured_media":29339,"parent":0,"menu_order":0,"comment_status":"closed","ping_status":"open","template":"","meta":{"footnotes":""},"class_list":["post-32159","page","type-page","status-publish","has-post-thumbnail","hentry"],"yoast_head":"<!-- This site is optimized with the Yoast SEO plugin v27.3 - https:\/\/yoast.com\/product\/yoast-seo-wordpress\/ -->\n<title>Honeywell Kalorimetre | Is\u0131 sistemleri | UBAY ISI<\/title>\n<meta name=\"description\" content=\"Honeywell Kalorimetre | Ubay \u0131s\u0131 olarak bir\u00e7ok \u00e7e\u015fit ve alternatiflerimizle sizlere kaliteli \u00fcr\u00fcn yelpazemizle hizmetinizdeyiz.\" \/>\n<meta name=\"robots\" content=\"index, follow, max-snippet:-1, max-image-preview:large, max-video-preview:-1\" \/>\n<link rel=\"canonical\" href=\"https:\/\/ubayisi.com.tr\/katisiistasyonu\/honeywell-kalorimetre\/\" \/>\n<meta property=\"og:locale\" content=\"tr_TR\" \/>\n<meta property=\"og:type\" content=\"article\" \/>\n<meta property=\"og:title\" content=\"Honeywell Kalorimetre | Is\u0131 sistemleri | UBAY ISI\" \/>\n<meta property=\"og:description\" content=\"Honeywell Kalorimetre | Ubay \u0131s\u0131 olarak bir\u00e7ok \u00e7e\u015fit ve alternatiflerimizle sizlere kaliteli \u00fcr\u00fcn yelpazemizle hizmetinizdeyiz.\" \/>\n<meta property=\"og:url\" content=\"https:\/\/ubayisi.com.tr\/katisiistasyonu\/honeywell-kalorimetre\/\" \/>\n<meta property=\"og:site_name\" content=\"Kat Is\u0131 \u0130stasyonu\" \/>\n<meta property=\"article:modified_time\" content=\"2025-05-03T23:04:43+00:00\" \/>\n<meta property=\"og:image\" content=\"https:\/\/ubayisi.com.tr\/katisiistasyonu\/wp-content\/uploads\/2025\/05\/0001594.webp\" \/>\n\t<meta property=\"og:image:width\" content=\"225\" \/>\n\t<meta property=\"og:image:height\" content=\"225\" \/>\n\t<meta property=\"og:image:type\" content=\"image\/webp\" \/>\n<meta name=\"twitter:card\" content=\"summary_large_image\" \/>\n<meta name=\"twitter:label1\" content=\"Tahmini okuma s\u00fcresi\" \/>\n\t<meta name=\"twitter:data1\" content=\"3 dakika\" \/>\n<script type=\"application\/ld+json\" class=\"yoast-schema-graph\">{\"@context\":\"https:\\\/\\\/schema.org\",\"@graph\":[{\"@type\":\"WebPage\",\"@id\":\"https:\\\/\\\/ubayisi.com.tr\\\/katisiistasyonu\\\/honeywell-kalorimetre\\\/\",\"url\":\"https:\\\/\\\/ubayisi.com.tr\\\/katisiistasyonu\\\/honeywell-kalorimetre\\\/\",\"name\":\"Honeywell Kalorimetre | Is\u0131 sistemleri | UBAY ISI\",\"isPartOf\":{\"@id\":\"https:\\\/\\\/ubayisi.com.tr\\\/katisiistasyonu\\\/#website\"},\"primaryImageOfPage\":{\"@id\":\"https:\\\/\\\/ubayisi.com.tr\\\/katisiistasyonu\\\/honeywell-kalorimetre\\\/#primaryimage\"},\"image\":{\"@id\":\"https:\\\/\\\/ubayisi.com.tr\\\/katisiistasyonu\\\/honeywell-kalorimetre\\\/#primaryimage\"},\"thumbnailUrl\":\"https:\\\/\\\/ubayisi.com.tr\\\/katisiistasyonu\\\/wp-content\\\/uploads\\\/2025\\\/05\\\/0001594.webp\",\"datePublished\":\"2025-05-03T21:48:22+00:00\",\"dateModified\":\"2025-05-03T23:04:43+00:00\",\"description\":\"Honeywell Kalorimetre | Ubay \u0131s\u0131 olarak bir\u00e7ok \u00e7e\u015fit ve alternatiflerimizle sizlere kaliteli \u00fcr\u00fcn yelpazemizle hizmetinizdeyiz.\",\"breadcrumb\":{\"@id\":\"https:\\\/\\\/ubayisi.com.tr\\\/katisiistasyonu\\\/honeywell-kalorimetre\\\/#breadcrumb\"},\"inLanguage\":\"tr\",\"potentialAction\":[{\"@type\":\"ReadAction\",\"target\":[\"https:\\\/\\\/ubayisi.com.tr\\\/katisiistasyonu\\\/honeywell-kalorimetre\\\/\"]}]},{\"@type\":\"ImageObject\",\"inLanguage\":\"tr\",\"@id\":\"https:\\\/\\\/ubayisi.com.tr\\\/katisiistasyonu\\\/honeywell-kalorimetre\\\/#primaryimage\",\"url\":\"https:\\\/\\\/ubayisi.com.tr\\\/katisiistasyonu\\\/wp-content\\\/uploads\\\/2025\\\/05\\\/0001594.webp\",\"contentUrl\":\"https:\\\/\\\/ubayisi.com.tr\\\/katisiistasyonu\\\/wp-content\\\/uploads\\\/2025\\\/05\\\/0001594.webp\",\"width\":225,\"height\":225,\"caption\":\"Honeywell Kalorimetre | Is\u0131 sistemleri | UBAY ISI\"},{\"@type\":\"BreadcrumbList\",\"@id\":\"https:\\\/\\\/ubayisi.com.tr\\\/katisiistasyonu\\\/honeywell-kalorimetre\\\/#breadcrumb\",\"itemListElement\":[{\"@type\":\"ListItem\",\"position\":1,\"name\":\"Anasayfa\",\"item\":\"https:\\\/\\\/ubayisi.com.tr\\\/katisiistasyonu\\\/\"},{\"@type\":\"ListItem\",\"position\":2,\"name\":\"Honeywell Kalorimetre\"}]},{\"@type\":\"WebSite\",\"@id\":\"https:\\\/\\\/ubayisi.com.tr\\\/katisiistasyonu\\\/#website\",\"url\":\"https:\\\/\\\/ubayisi.com.tr\\\/katisiistasyonu\\\/\",\"name\":\"Kat Is\u0131 \u0130stasyonu\",\"description\":\"\",\"publisher\":{\"@id\":\"https:\\\/\\\/ubayisi.com.tr\\\/katisiistasyonu\\\/#organization\"},\"potentialAction\":[{\"@type\":\"SearchAction\",\"target\":{\"@type\":\"EntryPoint\",\"urlTemplate\":\"https:\\\/\\\/ubayisi.com.tr\\\/katisiistasyonu\\\/?s={search_term_string}\"},\"query-input\":{\"@type\":\"PropertyValueSpecification\",\"valueRequired\":true,\"valueName\":\"search_term_string\"}}],\"inLanguage\":\"tr\"},{\"@type\":\"Organization\",\"@id\":\"https:\\\/\\\/ubayisi.com.tr\\\/katisiistasyonu\\\/#organization\",\"name\":\"Kat Is\u0131 \u0130stasyonu\",\"url\":\"https:\\\/\\\/ubayisi.com.tr\\\/katisiistasyonu\\\/\",\"logo\":{\"@type\":\"ImageObject\",\"inLanguage\":\"tr\",\"@id\":\"https:\\\/\\\/ubayisi.com.tr\\\/katisiistasyonu\\\/#\\\/schema\\\/logo\\\/image\\\/\",\"url\":\"https:\\\/\\\/ubayisi.com.tr\\\/katisiistasyonu\\\/wp-content\\\/uploads\\\/2025\\\/05\\\/ubay-logo-2.png\",\"contentUrl\":\"https:\\\/\\\/ubayisi.com.tr\\\/katisiistasyonu\\\/wp-content\\\/uploads\\\/2025\\\/05\\\/ubay-logo-2.png\",\"width\":250,\"height\":75,\"caption\":\"Kat Is\u0131 \u0130stasyonu\"},\"image\":{\"@id\":\"https:\\\/\\\/ubayisi.com.tr\\\/katisiistasyonu\\\/#\\\/schema\\\/logo\\\/image\\\/\"}}]}<\/script>\n<!-- \/ Yoast SEO plugin. -->","yoast_head_json":{"title":"Honeywell Kalorimetre | Is\u0131 sistemleri | UBAY ISI","description":"Honeywell Kalorimetre | Ubay \u0131s\u0131 olarak bir\u00e7ok \u00e7e\u015fit ve alternatiflerimizle sizlere kaliteli \u00fcr\u00fcn yelpazemizle hizmetinizdeyiz.","robots":{"index":"index","follow":"follow","max-snippet":"max-snippet:-1","max-image-preview":"max-image-preview:large","max-video-preview":"max-video-preview:-1"},"canonical":"https:\/\/ubayisi.com.tr\/katisiistasyonu\/honeywell-kalorimetre\/","og_locale":"tr_TR","og_type":"article","og_title":"Honeywell Kalorimetre | Is\u0131 sistemleri | UBAY ISI","og_description":"Honeywell Kalorimetre | Ubay \u0131s\u0131 olarak bir\u00e7ok \u00e7e\u015fit ve alternatiflerimizle sizlere kaliteli \u00fcr\u00fcn yelpazemizle hizmetinizdeyiz.","og_url":"https:\/\/ubayisi.com.tr\/katisiistasyonu\/honeywell-kalorimetre\/","og_site_name":"Kat Is\u0131 \u0130stasyonu","article_modified_time":"2025-05-03T23:04:43+00:00","og_image":[{"width":225,"height":225,"url":"https:\/\/ubayisi.com.tr\/katisiistasyonu\/wp-content\/uploads\/2025\/05\/0001594.webp","type":"image\/webp"}],"twitter_card":"summary_large_image","twitter_misc":{"Tahmini okuma s\u00fcresi":"3 dakika"},"schema":{"@context":"https:\/\/schema.org","@graph":[{"@type":"WebPage","@id":"https:\/\/ubayisi.com.tr\/katisiistasyonu\/honeywell-kalorimetre\/","url":"https:\/\/ubayisi.com.tr\/katisiistasyonu\/honeywell-kalorimetre\/","name":"Honeywell Kalorimetre | Is\u0131 sistemleri | UBAY ISI","isPartOf":{"@id":"https:\/\/ubayisi.com.tr\/katisiistasyonu\/#website"},"primaryImageOfPage":{"@id":"https:\/\/ubayisi.com.tr\/katisiistasyonu\/honeywell-kalorimetre\/#primaryimage"},"image":{"@id":"https:\/\/ubayisi.com.tr\/katisiistasyonu\/honeywell-kalorimetre\/#primaryimage"},"thumbnailUrl":"https:\/\/ubayisi.com.tr\/katisiistasyonu\/wp-content\/uploads\/2025\/05\/0001594.webp","datePublished":"2025-05-03T21:48:22+00:00","dateModified":"2025-05-03T23:04:43+00:00","description":"Honeywell Kalorimetre | Ubay \u0131s\u0131 olarak bir\u00e7ok \u00e7e\u015fit ve alternatiflerimizle sizlere kaliteli \u00fcr\u00fcn yelpazemizle hizmetinizdeyiz.","breadcrumb":{"@id":"https:\/\/ubayisi.com.tr\/katisiistasyonu\/honeywell-kalorimetre\/#breadcrumb"},"inLanguage":"tr","potentialAction":[{"@type":"ReadAction","target":["https:\/\/ubayisi.com.tr\/katisiistasyonu\/honeywell-kalorimetre\/"]}]},{"@type":"ImageObject","inLanguage":"tr","@id":"https:\/\/ubayisi.com.tr\/katisiistasyonu\/honeywell-kalorimetre\/#primaryimage","url":"https:\/\/ubayisi.com.tr\/katisiistasyonu\/wp-content\/uploads\/2025\/05\/0001594.webp","contentUrl":"https:\/\/ubayisi.com.tr\/katisiistasyonu\/wp-content\/uploads\/2025\/05\/0001594.webp","width":225,"height":225,"caption":"Honeywell Kalorimetre | Is\u0131 sistemleri | UBAY ISI"},{"@type":"BreadcrumbList","@id":"https:\/\/ubayisi.com.tr\/katisiistasyonu\/honeywell-kalorimetre\/#breadcrumb","itemListElement":[{"@type":"ListItem","position":1,"name":"Anasayfa","item":"https:\/\/ubayisi.com.tr\/katisiistasyonu\/"},{"@type":"ListItem","position":2,"name":"Honeywell Kalorimetre"}]},{"@type":"WebSite","@id":"https:\/\/ubayisi.com.tr\/katisiistasyonu\/#website","url":"https:\/\/ubayisi.com.tr\/katisiistasyonu\/","name":"Kat Is\u0131 \u0130stasyonu","description":"","publisher":{"@id":"https:\/\/ubayisi.com.tr\/katisiistasyonu\/#organization"},"potentialAction":[{"@type":"SearchAction","target":{"@type":"EntryPoint","urlTemplate":"https:\/\/ubayisi.com.tr\/katisiistasyonu\/?s={search_term_string}"},"query-input":{"@type":"PropertyValueSpecification","valueRequired":true,"valueName":"search_term_string"}}],"inLanguage":"tr"},{"@type":"Organization","@id":"https:\/\/ubayisi.com.tr\/katisiistasyonu\/#organization","name":"Kat Is\u0131 \u0130stasyonu","url":"https:\/\/ubayisi.com.tr\/katisiistasyonu\/","logo":{"@type":"ImageObject","inLanguage":"tr","@id":"https:\/\/ubayisi.com.tr\/katisiistasyonu\/#\/schema\/logo\/image\/","url":"https:\/\/ubayisi.com.tr\/katisiistasyonu\/wp-content\/uploads\/2025\/05\/ubay-logo-2.png","contentUrl":"https:\/\/ubayisi.com.tr\/katisiistasyonu\/wp-content\/uploads\/2025\/05\/ubay-logo-2.png","width":250,"height":75,"caption":"Kat Is\u0131 \u0130stasyonu"},"image":{"@id":"https:\/\/ubayisi.com.tr\/katisiistasyonu\/#\/schema\/logo\/image\/"}}]}},"_links":{"self":[{"href":"https:\/\/ubayisi.com.tr\/katisiistasyonu\/wp-json\/wp\/v2\/pages\/32159","targetHints":{"allow":["GET"]}}],"collection":[{"href":"https:\/\/ubayisi.com.tr\/katisiistasyonu\/wp-json\/wp\/v2\/pages"}],"about":[{"href":"https:\/\/ubayisi.com.tr\/katisiistasyonu\/wp-json\/wp\/v2\/types\/page"}],"author":[{"embeddable":true,"href":"https:\/\/ubayisi.com.tr\/katisiistasyonu\/wp-json\/wp\/v2\/users\/1"}],"replies":[{"embeddable":true,"href":"https:\/\/ubayisi.com.tr\/katisiistasyonu\/wp-json\/wp\/v2\/comments?post=32159"}],"version-history":[{"count":4,"href":"https:\/\/ubayisi.com.tr\/katisiistasyonu\/wp-json\/wp\/v2\/pages\/32159\/revisions"}],"predecessor-version":[{"id":42458,"href":"https:\/\/ubayisi.com.tr\/katisiistasyonu\/wp-json\/wp\/v2\/pages\/32159\/revisions\/42458"}],"wp:featuredmedia":[{"embeddable":true,"href":"https:\/\/ubayisi.com.tr\/katisiistasyonu\/wp-json\/wp\/v2\/media\/29339"}],"wp:attachment":[{"href":"https:\/\/ubayisi.com.tr\/katisiistasyonu\/wp-json\/wp\/v2\/media?parent=32159"}],"curies":[{"name":"wp","href":"https:\/\/api.w.org\/{rel}","templated":true}]}}